{"id":7227,"date":"2019-03-19T11:38:00","date_gmt":"2019-03-19T11:38:00","guid":{"rendered":"http:\/\/oficinajove.elbaixllobregat.cat\/?page_id=7227"},"modified":"2019-03-19T11:38:00","modified_gmt":"2019-03-19T11:38:00","slug":"politica-de-privacidad","status":"publish","type":"page","link":"https:\/\/oficinajove.elbaixllobregat.cat\/es\/politica-de-privacidad\/","title":{"rendered":"Pol\u00edtica de privacidad"},"content":{"rendered":"<p class=\"p1\"><span class=\"s1\">Benvingut\/da a la p\u00e0gina<span class=\"Apple-converted-space\">\u00a0 <\/span>web del<span class=\"Apple-converted-space\">\u00a0 <\/span>CONSELL COMARCAL DEL BAIX LLOBREGAT. <span class=\"Apple-converted-space\">\u00a0 <\/span>Aquesta p\u00e0gina web es posa a disposici\u00f3 dels usuaris d\u2019internet i t\u00e9 per objecte presentar l\u2019organitzaci\u00f3 i els nostres serveis.<\/span><\/p>\n<p class=\"p1\"><span class=\"s1\">La utilitzaci\u00f3 de la p\u00e0gina web atribueix la condici\u00f3 d\u2019usuari de la p\u00e0gina web i implica l\u2019acceptaci\u00f3 de totes les condicions incloses en aquesta informaci\u00f3 legal.<\/span><\/p>\n<p class=\"p1\"><span class=\"s1\">La prestaci\u00f3 del servei de la p\u00e0gina web t\u00e9 una duraci\u00f3 limitada al moment en qu\u00e8 l\u2019usuari es trobi connectat a la p\u00e0gina web o a algun dels serveis que a trav\u00e9s de la mateixa es faciliten.<\/span><\/p>\n<p class=\"p1\"><span class=\"s1\">Per tant, l\u2019usuari ha de llegir atentament la present informaci\u00f3 legal en cadascuna de les ocasions en qu\u00e8 es proposi utilitzar la p\u00e0gina web, ja que aquesta i les seves condicions d\u2019\u00fas recollides en la present informaci\u00f3 legal poden patir modificacions.<\/span><\/p>\n<p class=\"p1\"><span class=\"s1\">Aquestes condicions generals es regeixen per la llei espanyola. Per a qualsevol controv\u00e8rsia que pogu\u00e9s<span class=\"Apple-converted-space\">\u00a0 <\/span>derivar-se de l\u2019aplicaci\u00f3 i interpretaci\u00f3 de les mateixes, del <b>CONSELL COMARCAL DEL BAIX LLOBREGAT <\/b> i l\u2019usuari, amb ren\u00fancia expressa a qualsevol altre fur, et sotmeten al dels Jutjats i Tribunals de la ciutat de Barcelona (Espanya).<\/span><\/p>\n<p>&nbsp;<\/p>\n<p>&nbsp;<\/p>\n<h3 class=\"p1\"><span class=\"s1\">1. QUI SOM<\/span><\/h3>\n<p>&nbsp;<\/p>\n<p class=\"p1\"><span class=\"s1\"><b>CONSELL COMARCAL DEL BAIX LLOBREGAT <\/b>, amb NIF n\u00fam. P5800011H, domicili social a SANT FELIU DE LLOBREGAT ,<span class=\"Apple-converted-space\">\u00a0 <\/span>Parc Torreblanca N-340 pk 1249, 08980 SANT FELIU DE LLOBREGAT (Barcelona) i est\u00e0 inscrita en el registre d\u2019ens locals de la Generalitat del Catalunya.<\/span><\/p>\n<p class=\"p1\"><span class=\"s1\">Contacte en el tel\u00e8fon 936852400, F. 936851868 o e-mail <a target=\"_blank\" href=\"mailto:consellcomarcal@elbaixllobregat.cat\"><span class=\"s2\">consellcomarcal@elbaixllobregat.cat<\/span><\/a>.<\/span><\/p>\n<p>&nbsp;<\/p>\n<p>&nbsp;<\/p>\n<h3 class=\"p1\"><span class=\"s1\">2. COPYRIGHT i TRADEMARKS<\/span><\/h3>\n<p>&nbsp;<\/p>\n<p class=\"p1\"><span class=\"s1\">Tots els drets sobre el programari de la p\u00e0gina web aix\u00ed com dels drets de propietat industrial i intel\u00b7lectual referits als continguts que en ella s\u2019incloguin s\u00f3n propietat del <b>CONSELL COMARCAL DEL BAIX LLOBREGAT <\/b>o de tercers.<\/span><\/p>\n<p class=\"p1\"><span class=\"s1\">Aquesta p\u00e0gina web pot contenir<span class=\"Apple-converted-space\">\u00a0 <\/span>refer\u00e8ncies a marques comercials o marques registrades del <b>CONSELL COMARCAL DEL BAIX LLOBREGAT.<span class=\"Apple-converted-space\">\u00a0 <\/span><\/b>Queda prohibit el seu \u00fas sense el consentiment previ i expr\u00e9s de<b> CONSELL COMARCAL DEL BAIX LLOBREGAT. <\/b> Totes les altres refer\u00e8ncies a altres marques comercials o registrades pertanyen als seus respectius propietaris, sense que pugui entendre\u2019s que l\u2019acc\u00e9s a la p\u00e0gina web atribueixi cap dret sobre les mateixes.<\/span><\/p>\n<p class=\"p1\"><span class=\"s1\">Qualsevol persona est\u00e0 autoritzada per a veure, copiar, imprimir i distribuir qualsevol document publicat pel<b> CONSELL COMARCAL DEL BAIX LLOBREGAT<\/b> en aquesta p\u00e0gina web tenint en compte que:<\/span><\/p>\n<ul>\n<li class=\"li1\"><span class=\"s1\">El dit document ser\u00e0 utilitzat exclusivament amb fins informatius;<\/span><\/li>\n<li class=\"li1\"><span class=\"s1\">El dit document no podr\u00e0 ser utilitzat amb fins comercials;<\/span><\/li>\n<li class=\"li1\"><span class=\"s1\">El dit document deur\u00e0 sempre incloure refer\u00e8ncia que \u00e9s propietat de <b>CONSELL COMARCAL DEL BAIX LLOBREGAT <\/b><\/span><\/li>\n<li class=\"li1\"><span class=\"s1\">Els materials d\u2019aquesta p\u00e0gina web hi son protegits per drets d\u2019autor i qualsevol \u00fas no autoritzat dels mateixos pot violar la normativa sobre drets d\u2019autor, marques i altres regulacions.<\/span><\/li>\n<\/ul>\n<p class=\"p1\"><span class=\"s1\">L\u2019autoritzaci\u00f3 concedida per a utilitzar aquesta p\u00e0gina web s\u2019entendr\u00e0 autom\u00e0ticament acabada en cas d\u2019infringir qualsevol d\u2019aquestes condicions, estant obligat a destruir immediatament qualsevol material obtingut o impr\u00e8s de la p\u00e0gina web.<\/span><\/p>\n<p class=\"p1\"><span class=\"s1\"><b>CONSELL COMARCAL DEL BAIX LLOBREGAT <\/b>no concedeix cap llic\u00e8ncia o autoritzaci\u00f3 d\u2019\u00fas de cap mena sobre els seus drets de propietat industrial i intel\u00b7lectual, secrets empresarials o sobre qualsevol altra propietat o dret relacionat amb la p\u00e0gina web i els seus continguts.<\/span><\/p>\n<p>&nbsp;<\/p>\n<p>&nbsp;<\/p>\n<h3 class=\"p1\"><span class=\"s1\">3. \u00daS LEGAL<\/span><\/h3>\n<p>&nbsp;<\/p>\n<p class=\"p1\"><span class=\"s1\">El <b>CONSELL COMARCAL DEL BAIX LLOBREGAT <\/b>es reserva el dret de modificar, en qualsevol moment i sense necessitat d\u2019av\u00eds previ, la configuraci\u00f3 i continguts de la p\u00e0gina web.<\/span><\/p>\n<p class=\"p1\"><span class=\"s1\">La informaci\u00f3 d\u2019aquesta p\u00e0gina web es proporciona sense garantia de cap mena, ni expl\u00edcita ni impl\u00edcita, i podr\u00e0 canviar-se o actualitzar-se sense av\u00eds previ.<\/span><\/p>\n<p class=\"p1\"><span class=\"s1\">L\u2019usuari es compromet a no portar a terme cap conducta que pugui danyar els interessos i drets del<b> CONSELL COMARCAL DEL BAIX LLOBREGAT<\/b> o de tercers.<\/span><\/p>\n<p class=\"p1\"><span class=\"s1\">Tota la informaci\u00f3 que rebi el <b>CONSELL COMARCAL DEL BAIX LLOBREGAT <\/b>a trav\u00e9s d\u2019aquest lloc web no es considerar\u00e0 confidencial, a excepci\u00f3 de la contemplada a l\u2019apartat de confidencialitat de dades.<\/span><\/p>\n<p class=\"p1\"><span class=\"s1\">Qualsevol persona f\u00edsica o jur\u00eddica que vulgui establir un hiper-enlla\u00e7 o hiper-v\u00edncle, necessitar\u00e0 una autoritzaci\u00f3 pr\u00e8via del<b> CONSELL COMARCAL DEL BAIX LLOBREGAT<\/b> que no assumeix cap responsabilitat derivada dels continguts que terceres parts hagin incl\u00f2s en els hiper-v\u00edncles als que es fa refer\u00e8ncia en aquesta p\u00e0gina.<\/span><\/p>\n<p class=\"p1\"><span class=\"s1\">L\u2019establiment de l&#8217;hiper-v\u00edncle no implica en cap cas l\u2019exist\u00e8ncia de relacions entre<b> <\/b>el <b>CONSELL COMARCAL DEL BAIX LLOBREGAT<\/b> i el propietari de la p\u00e0gina web en qu\u00e8 s\u2019estableixi, ni l\u2019acceptaci\u00f3 ni l\u2019 aprovaci\u00f3 per part del <b>CONSELL COMARCAL DEL BAIX LLOBREGAT <\/b>dels seus continguts o serveis all\u00ed oferts posats a disposici\u00f3 del p\u00fablic.<\/span><\/p>\n<p class=\"p1\"><span class=\"s1\">Queda expressament prohibida qualsevol alteraci\u00f3, canvi, modificaci\u00f3 o adaptaci\u00f3 d\u2019aquesta p\u00e0gina web o de qualsevol informaci\u00f3 que la mateixa contingui.<\/span><\/p>\n<p class=\"p1\"><span class=\"s1\">El <b>CONSELL COMARCAL DEL BAIX LLOBREGAT <\/b>no es fa responsable de cap dany o perjudici en el programari o maquinari de l\u2019usuari que es derivi de l\u2019acc\u00e9s a la seva p\u00e0gina web o de l\u2019\u00fas d\u2019informaci\u00f3 o aplicacions en ella contingudes.<\/span><\/p>\n<p class=\"p1\"><span class=\"s1\">Aix\u00ed mateix no es responsabilitza ni garanteix la disponibilitat i continu\u00eftat en l\u2019acc\u00e9s a aquesta p\u00e0gina web o que el mateix estigui lliure d\u2019errors.<\/span><\/p>\n<p class=\"p1\"><span class=\"s1\">L\u2019usuari respondr\u00e0 dels danys i perjudicis de tota naturalesa que<b> <\/b>el <b>CONSELL COMARCAL DEL BAIX LLOBREGAT<\/b><span class=\"Apple-converted-space\">\u00a0 <\/span>pugui patir com a conseq\u00fc\u00e8ncia de l\u2019 incompliment de qualsevol de les obligacions a qu\u00e8 queda sotm\u00e8s per les presents condicions.<\/span><\/p>\n<p class=\"p1\"><span class=\"s1\">L\u2019usuari \u00e9s conscient i accepta volunt\u00e0riament que l\u2019\u00fas de qualssevol continguts d\u2019aquesta p\u00e0gina web t\u00e9 lloc, en tot cas, sota la seva \u00fanica i exclusiva responsabilitat.<\/span><\/p>\n<p>&nbsp;<\/p>\n<p>&nbsp;<\/p>\n<h3 class=\"p1\"><span class=\"s1\">4. CONTACTE LEGAL<\/span><\/h3>\n<p>&nbsp;<\/p>\n<p class=\"p1\"><span class=\"s1\">Per a qualsevol suggeriment o pregunta sobre aquest av\u00eds legal contacti amb <a target=\"_blank\" href=\"mailto:consellcomarcal@elbaixllobregat.cat\"><span class=\"s2\">consellcomarcal@elbaixllobregat.cat<\/span><\/a>.<\/span><\/p>\n<p>&nbsp;<\/p>\n<p>&nbsp;<\/p>\n","protected":false},"excerpt":{"rendered":"<p>Benvingut\/da a la p\u00e0gina\u00a0 web del\u00a0 CONSELL COMARCAL DEL BAIX LLOBREGAT. \u00a0 Aquesta p\u00e0gina web es posa a disposici\u00f3 dels&#8230;<\/p>\n","protected":false},"author":1,"featured_media":0,"parent":0,"menu_order":0,"comment_status":"closed","ping_status":"closed","template":"","meta":{"_exactmetrics_skip_tracking":false,"_exactmetrics_sitenote_active":false,"_exactmetrics_sitenote_note":"","_exactmetrics_sitenote_category":0},"aioseo_notices":[],"_links":{"self":[{"href":"https:\/\/oficinajove.elbaixllobregat.cat\/es\/wp-json\/wp\/v2\/pages\/7227"}],"collection":[{"href":"https:\/\/oficinajove.elbaixllobregat.cat\/es\/wp-json\/wp\/v2\/pages"}],"about":[{"href":"https:\/\/oficinajove.elbaixllobregat.cat\/es\/wp-json\/wp\/v2\/types\/page"}],"author":[{"embeddable":true,"href":"https:\/\/oficinajove.elbaixllobregat.cat\/es\/wp-json\/wp\/v2\/users\/1"}],"replies":[{"embeddable":true,"href":"https:\/\/oficinajove.elbaixllobregat.cat\/es\/wp-json\/wp\/v2\/comments?post=7227"}],"version-history":[{"count":1,"href":"https:\/\/oficinajove.elbaixllobregat.cat\/es\/wp-json\/wp\/v2\/pages\/7227\/revisions"}],"predecessor-version":[{"id":7229,"href":"https:\/\/oficinajove.elbaixllobregat.cat\/es\/wp-json\/wp\/v2\/pages\/7227\/revisions\/7229"}],"wp:attachment":[{"href":"https:\/\/oficinajove.elbaixllobregat.cat\/es\/wp-json\/wp\/v2\/media?parent=7227"}],"curies":[{"name":"wp","href":"https:\/\/api.w.org\/{rel}","templated":true}]}}