{"id":7226,"date":"2019-03-19T11:37:39","date_gmt":"2019-03-19T11:37:39","guid":{"rendered":"http:\/\/oficinajove.elbaixllobregat.cat\/?page_id=7226"},"modified":"2019-03-19T11:37:39","modified_gmt":"2019-03-19T11:37:39","slug":"politica-de-cookies","status":"publish","type":"page","link":"https:\/\/oficinajove.elbaixllobregat.cat\/es\/politica-de-cookies\/","title":{"rendered":"Pol\u00edtica de cookies"},"content":{"rendered":"<p>Aquesta web utilitza cookies.<\/p>\n<h3><\/h3>\n<p>&nbsp;<\/p>\n<h3><strong>Qu\u00e8 \u00e9s una cookie?<\/strong><\/h3>\n<p>Una cookie \u00e9s un arxiu o dispositiu que es descarrega al terminal de l&#8217;usuari (ordinador, smartphone, tablet) quan aquest accedeix al web, amb la finalitat d&#8217;emmagatzemar i recuperar dades de l&#8217;equip.<\/p>\n<h3><\/h3>\n<p>&nbsp;<\/p>\n<h3><strong>Quins tipus de cookies hi ha i quines utilitza aquest portal?<\/strong><\/h3>\n<p>Les cookies es poden classificar en les seg\u00fcents categories:<\/p>\n<ol>\n<li>Segons l&#8217;entitat que gestiona el domini des d&#8217;on s\u2018envien les cookies i es tracten les dades obtingudes:<br \/>\n<strong>Cookies pr\u00f2pies:<\/strong>\u00a0s\u00f3n aquelles que s&#8217;envien a l&#8217;equip terminal de l&#8217;usuari des d&#8217;un equip o domini gestionat pel propi editor i des del que es presta el servei sol\u00b7licitat per l&#8217;usuari.<br \/>\n<strong>Cookies de tercers:<\/strong>\u00a0s\u00f3n aquelles que s&#8217;envien a l&#8217;equip terminal de l&#8217;usuari des d&#8217;un equip o domini que no \u00e9s gestionat per l&#8217;editor, sin\u00f3 per una altra entitat que tracta les dades obtingudes a trav\u00e9s de les cookies. El nostre web utilitza: JSESSIONID, GUEST_LANGUAGE_ID, COOKIE_SUPPORT, ID, COMPANY_ID, USER_UUID, LFR_SESSION_STATE_XXXXX, _dc_gtm_UA-XXXXXX-XX, _gat_UA-XXXXXX-XX, _ga i tableau_locale.<\/li>\n<li>Segons el temps que romanen activades en l&#8217;equip del terminal de l&#8217;usuari:<br \/>\n<strong>Cookies temporal o de sessi\u00f3:<\/strong>\u00a0estan dissenyades per recollir i emmagatzemar dades mentre l&#8217;usuari accedeix a una p\u00e0gina web. El nostre web utilitza: JSESSIONID, ID, COMPANY_ID, USER_UUID, LFR_SESSION_STATE_XXXXX, _dc_gtm_UA-XXXXXX-XX, _gat_UA-XXXXXX-XX, _ga i tableau_locale.<br \/>\n<strong>Cookies persistents:<\/strong>\u00a0s&#8217;emmagatzemen al terminal de l&#8217;usuari per permetre l&#8217;acc\u00e9s i el tractament de dades durant un per\u00edode definit pel responsable de la cookie (minuts, anys&#8230;). El nostre web utilitza: GUEST_LANGUAGE_ID i COOKIE_SUPPORT.<\/li>\n<li>Segons la finalitat per a la qual siguin tractades les dades obtingudes a trav\u00e9s de la cookie:<br \/>\n<strong>Cookies t\u00e8cniques:<\/strong>\u00a0s\u00f3n aquelles que permeten a l&#8217;usuari la navegaci\u00f3 a trav\u00e9s del web. El nostre web utilitza: JSESSIONID, COOKIE_SUPPORT, ID, COMPANY_ID, USER_UUID, LFR_SESSION_STATE_XXXXX, _dc_gtm_UA-XXXXXX-XX i tableau_locale.<br \/>\n<strong>Cookies de personalitzaci\u00f3:<\/strong>\u00a0s\u00f3n aquelles que permeten a l&#8217;usuari accedir al portal amb algunes caracter\u00edstiques de car\u00e0cter general predefinides en funci\u00f3 d&#8217;una s\u00e8rie de criteris en el terminal de l&#8217;usuari. El nostre web utilitza: GUEST_LANGUAGE_ID.<br \/>\n<strong>Cookies d&#8217;an\u00e0lisi:<\/strong>\u00a0s\u00f3n aquelles que permeten al responsable el seguiment i an\u00e0lisi del comportament de l&#8217;usuari del web. El nostre web utilitza: _gat_UA-XXXXXX-XX i _ga, generades per Google Analytics.<br \/>\nM\u00e9s informaci\u00f3 a:<br \/>\n<a target=\"_blank\" href=\"https:\/\/developers.google.com\/analytics\/devguides\/collection\/analyticsjs\/cookie-usage?hl=es\" target=\"_blank\" rel=\"noopener noreferrer\">https:\/\/developers.google.com\/analytics\/devguides\/collection\/analyticsjs\/cookie-usage?hl=es<\/a><\/li>\n<\/ol>\n<h3><\/h3>\n<p>&nbsp;<\/p>\n<h3><strong>Com puc gestionar les cookies que utilitza aquesta web?<\/strong><\/h3>\n<p>Vost\u00e8 pot permetre, bloquejar o eliminar les cookies instal\u00b7lades en el seu equip mitjan\u00e7ant la configuraci\u00f3 de les opcions del navegador. A tal efecte, posem a la seva disposici\u00f3 la informaci\u00f3 i els enlla\u00e7os a les p\u00e0gines oficials de suport dels principals navegadors perqu\u00e8 pugui acceptar, bloquejar o eliminar l&#8217;\u00fas de cookies:<\/p>\n<ul class=\"list-style-none\">\n<li><strong>Microsoft Internet Explorer:<\/strong>\u00a0seleccioni l&#8217;opci\u00f3 del men\u00fa Eines &gt; Opcions d&#8217;Internet &gt; Privadesa &gt; Configuraci\u00f3. M\u00e9s informaci\u00f3 a:\u00a0<a target=\"_blank\" href=\"https:\/\/support.microsoft.com\/es-es\/help\/17442\/windows-internet-explorer-delete-manage-cookies\" target=\"_blank\" rel=\"noopener noreferrer\">https:\/\/support.microsoft.com\/es-es\/help\/17442\/windows-internet-explorer-delete-manage-cookies<\/a><\/li>\n<li><strong>Firefox:<\/strong>\u00a0seleccioni el men\u00fa Eines &gt; Opcions &gt; Privadesa &gt; Usar configuraci\u00f3 personalitzada per a l&#8217;historial. M\u00e9s informaci\u00f3 a:\u00a0<a target=\"_blank\" href=\"https:\/\/support.mozilla.org\/es\/kb\/habilitar-y-deshabilitar-cookies-sitios-web-rastrear-preferencias?redirectlocale=es&amp;redirectslug=habilitar-y-deshabilitar-cookies-que-los-sitios-we\" target=\"_blank\" rel=\"noopener noreferrer\">https:\/\/support.mozilla.org\/es\/kb\/habilitar-y-deshabilitar-cookies-sitios-web-rastrear-preferencias?redirectlocale=es&amp;redirectslug=habilitar-y-deshabilitar-cookies-que-los-sitios-we<\/a><\/li>\n<li><strong>Chrome:<\/strong>\u00a0seleccioni l&#8217;opci\u00f3 de men\u00fa Configuraci\u00f3 &gt; Mostrar opcions avan\u00e7ades, Configuraci\u00f3 de contingut. M\u00e9s informaci\u00f3 a:\u00a0<a target=\"_blank\" href=\"https:\/\/support.google.com\/chrome\/answer\/95647?hl=es\" target=\"_blank\" rel=\"noopener noreferrer\">https:\/\/support.google.com\/chrome\/answer\/95647?hl=es<\/a><\/li>\n<li><strong>Opera:<\/strong>\u00a0seleccioni l&#8217;opci\u00f3 de Seguretat i Privacitat. M\u00e9s informaci\u00f3 a:\u00a0<a target=\"_blank\" href=\"http:\/\/help.opera.com\/Linux\/10.60\/es-ES\/cookies.html\" target=\"_blank\" rel=\"noopener noreferrer\">http:\/\/help.opera.com\/Linux\/10.60\/es-ES\/cookies.html<\/a><\/li>\n<li><strong>Altres:<\/strong>\u00a0Si desitja obtenir informaci\u00f3 sobre com desactivar les cookies d&#8217;altres navegadors, si us plau, consulti el men\u00fa del navegador que utilitza.<\/li>\n<\/ul>\n<p>&nbsp;<\/p>\n<p>&nbsp;<\/p>\n","protected":false},"excerpt":{"rendered":"<p>Aquesta web utilitza cookies. &nbsp; Qu\u00e8 \u00e9s una cookie? Una cookie \u00e9s un arxiu o dispositiu que es descarrega al&#8230;<\/p>\n","protected":false},"author":1,"featured_media":0,"parent":0,"menu_order":0,"comment_status":"closed","ping_status":"closed","template":"","meta":{"_exactmetrics_skip_tracking":false,"_exactmetrics_sitenote_active":false,"_exactmetrics_sitenote_note":"","_exactmetrics_sitenote_category":0},"aioseo_notices":[],"_links":{"self":[{"href":"https:\/\/oficinajove.elbaixllobregat.cat\/es\/wp-json\/wp\/v2\/pages\/7226"}],"collection":[{"href":"https:\/\/oficinajove.elbaixllobregat.cat\/es\/wp-json\/wp\/v2\/pages"}],"about":[{"href":"https:\/\/oficinajove.elbaixllobregat.cat\/es\/wp-json\/wp\/v2\/types\/page"}],"author":[{"embeddable":true,"href":"https:\/\/oficinajove.elbaixllobregat.cat\/es\/wp-json\/wp\/v2\/users\/1"}],"replies":[{"embeddable":true,"href":"https:\/\/oficinajove.elbaixllobregat.cat\/es\/wp-json\/wp\/v2\/comments?post=7226"}],"version-history":[{"count":1,"href":"https:\/\/oficinajove.elbaixllobregat.cat\/es\/wp-json\/wp\/v2\/pages\/7226\/revisions"}],"predecessor-version":[{"id":7228,"href":"https:\/\/oficinajove.elbaixllobregat.cat\/es\/wp-json\/wp\/v2\/pages\/7226\/revisions\/7228"}],"wp:attachment":[{"href":"https:\/\/oficinajove.elbaixllobregat.cat\/es\/wp-json\/wp\/v2\/media?parent=7226"}],"curies":[{"name":"wp","href":"https:\/\/api.w.org\/{rel}","templated":true}]}}