{"id":7221,"date":"2019-03-19T11:34:51","date_gmt":"2019-03-19T11:34:51","guid":{"rendered":"http:\/\/oficinajove.elbaixllobregat.cat\/?page_id=7221"},"modified":"2024-12-16T08:31:44","modified_gmt":"2024-12-16T08:31:44","slug":"contacta-con-nosotros","status":"publish","type":"page","link":"https:\/\/oficinajove.elbaixllobregat.cat\/es\/contacta-con-nosotros\/","title":{"rendered":"\u00a1Contacta con nosotros!"},"content":{"rendered":"<p>[vc_row css=\u00bb.vc_custom_1543847010967{margin-top: -100px !important;}\u00bb][vc_column][vc_raw_html]JTNDaWZyYW1lJTIwc3JjJTNEJTIyaHR0cHMlM0ElMkYlMkZ3d3cuZ29vZ2xlLmNvbSUyRm1hcHMlMkZlbWJlZCUzRnBiJTNEJTIxMW0xNCUyMTFtOCUyMTFtMyUyMTFkMTE5NzUuMTQ3OTQ3NDkzMDYlMjEyZDIuMDU2MDA4OCUyMTNkNDEuMzc4NzEyNSUyMTNtMiUyMTFpMTAyNCUyMTJpNzY4JTIxNGYxMy4xJTIxM20zJTIxMW0yJTIxMXMweDAlMjUzQTB4YWNlNTgzMDAzYzhjM2MyNiUyMTJzUGFyYyUyQmRlJTJCVG9ycmVibGFuY2ElMjE1ZTAlMjEzbTIlMjExc2VzJTIxMnNlcyUyMTR2MTU0NDcxMjg4OTAxMSUyMiUyMHdpZHRoJTNEJTIyMTkyMCUyMiUyMGhlaWdodCUzRCUyMjQwMCUyMiUyMGZyYW1lYm9yZGVyJTNEJTIyMCUyMiUyMHN0eWxlJTNEJTIyYm9yZGVyJTNBMCUyMiUyMGFsbG93ZnVsbHNjcmVlbiUzRSUzQyUyRmlmcmFtZSUzRQ==[\/vc_raw_html][\/vc_column][\/vc_row][vc_row el_class=\u00bbseccion-contacto\u00bb][vc_column][vc_empty_space height=\u00bb150px\u00bb][vc_row_inner content_width=\u00bbgrid\u00bb][vc_column_inner width=\u00bb1\/3&#8243;][vc_single_image image=\u00bb6747&#8243; img_size=\u00bb200&#215;200&#8243;][vc_empty_space height=\u00bb20px\u00bb][vc_column_text]<strong>Vis\u00edtanos en la Oficina Jove del Baix Llobregat<\/strong>:<\/p>\n<p>&nbsp;<\/p>\n<div class=\"contacte-conjunt\">\n<p class=\"direccio-contacte\">Parc torreblanca CL 340, en la planta baja del Consell Comarcal.<\/p>\n<p class=\"correu-contacte\"><a target=\"_blank\" href=\"mailto:elbaixllobregat@oficinajove.cat\">elbaixllobregat@oficinajove.cat<\/a><\/p>\n<p class=\"whatsapp-contacte\">650931906<\/p>\n<p class=\"fixe-contacte\">93 685 24 00 ext. 650<\/p>\n<p class=\"horari-contacte\"><strong>De lunes a viernes <\/strong>de 9h a 14h<\/p>\n<p><strong>Lunes y mi\u00e9rcoles<\/strong> de 16h a 18h<\/p>\n<p><strong>IMPORTANTE! Es necesario pedir cita previa<\/strong> llamando al 650 93 19 06, escribiendo un Whatsapp o a trav\u00e9s de la web del Consell Comarcal: <a target=\"_blank\" href=\"https:\/\/www.elbaixllobregat.cat\/cita-previa\">https:\/\/www.elbaixllobregat.cat\/cita-previa<\/a><\/p>\n<\/div>\n<p>[\/vc_column_text][vc_empty_space height=\u00bb50px\u00bb][\/vc_column_inner][vc_column_inner width=\u00bb2\/3&#8243;][vc_column_text el_class=\u00bbh2-inicio\u00bb]<\/p>\n<h2>\u00a1Contacta!<\/h2>\n<p>[\/vc_column_text][vc_empty_space height=\u00bb50px\u00bb]<div role=\"form\" class=\"wpcf7\" id=\"wpcf7-f7179-o1\" lang=\"es-ES\" dir=\"ltr\">\n<div class=\"screen-reader-response\"><p role=\"status\" aria-live=\"polite\" aria-atomic=\"true\"><\/p> <ul><\/ul><\/div>\n<form action=\"\/es\/wp-json\/wp\/v2\/pages\/7221#wpcf7-f7179-o1\" method=\"post\" class=\"wpcf7-form init\" novalidate=\"novalidate\" data-status=\"init\">\n<div style=\"display: none;\">\n<input type=\"hidden\" name=\"_wpcf7\" value=\"7179\" \/>\n<input type=\"hidden\" name=\"_wpcf7_version\" value=\"5.5.6.1\" \/>\n<input type=\"hidden\" name=\"_wpcf7_locale\" value=\"es_ES\" \/>\n<input type=\"hidden\" name=\"_wpcf7_unit_tag\" value=\"wpcf7-f7179-o1\" \/>\n<input type=\"hidden\" name=\"_wpcf7_container_post\" value=\"0\" \/>\n<input type=\"hidden\" name=\"_wpcf7_posted_data_hash\" value=\"\" \/>\n<input type=\"hidden\" name=\"_wpcf7_recaptcha_response\" value=\"\" \/>\n<\/div>\n<p><span class=\"wpcf7-form-control-wrap your-name\"><input type=\"text\" name=\"your-name\" value=\"\" size=\"40\" class=\"wpcf7-form-control wpcf7-text wpcf7-validates-as-required\" aria-required=\"true\" aria-invalid=\"false\" placeholder=\"Tu nombre\" \/><\/span><\/p>\n<p><span class=\"wpcf7-form-control-wrap menu-868\"><select name=\"menu-868\" class=\"wpcf7-form-control wpcf7-select wpcf7-validates-as-required\" aria-required=\"true\" aria-invalid=\"false\"><option value=\"Selecciona tu municipio\">Selecciona tu municipio<\/option><option value=\"Abrera\">Abrera<\/option><option value=\"Begues\">Begues<\/option><option value=\"Castelldefels\">Castelldefels<\/option><option value=\"Castellv\u00ed de Rosanes\">Castellv\u00ed de Rosanes<\/option><option value=\"Cervell\u00f3\">Cervell\u00f3<\/option><option value=\"Collbat\u00f3\">Collbat\u00f3<\/option><option value=\"Corbera de Llobregat\">Corbera de Llobregat<\/option><option value=\"Cornell\u00e0 de Llobregat\">Cornell\u00e0 de Llobregat<\/option><option value=\"Esparreguera\">Esparreguera<\/option><option value=\"Esplugues de Llobregat\">Esplugues de Llobregat<\/option><option value=\"Gav\u00e0\">Gav\u00e0<\/option><option value=\"Martorell\">Martorell<\/option><option value=\"Molins de Rei\">Molins de Rei<\/option><option value=\"Olesa de Montserrat\">Olesa de Montserrat<\/option><option value=\"La Palma de Cervell\u00f3\">La Palma de Cervell\u00f3<\/option><option value=\"Pallej\u00e0\">Pallej\u00e0<\/option><option value=\"El Papiol\">El Papiol<\/option><option value=\"El Prat de Llobregat\">El Prat de Llobregat<\/option><option value=\"Sant Andreu de la Barca\">Sant Andreu de la Barca<\/option><option value=\"Sant Boi de Llobregat\">Sant Boi de Llobregat<\/option><option value=\"Sant Climent de Llobregat\">Sant Climent de Llobregat<\/option><option value=\"Sant Esteve Sesrovires\">Sant Esteve Sesrovires<\/option><option value=\"Sant Feliu de Llobregat\">Sant Feliu de Llobregat<\/option><option value=\"Sant Joan Desp\u00ed\">Sant Joan Desp\u00ed<\/option><option value=\"Sant Just Desvern\">Sant Just Desvern<\/option><option value=\"Sant Vicen\u00e7 dels Horts\">Sant Vicen\u00e7 dels Horts<\/option><option value=\"Santa Coloma de Cervell\u00f3\">Santa Coloma de Cervell\u00f3<\/option><option value=\"Torrelles de Llobregat\">Torrelles de Llobregat<\/option><option value=\"Vallirana\">Vallirana<\/option><option value=\"Viladecans\">Viladecans<\/option><\/select><\/span><\/p>\n<p><span class=\"wpcf7-form-control-wrap your-email\"><input type=\"email\" name=\"your-email\" value=\"\" size=\"40\" class=\"wpcf7-form-control wpcf7-text wpcf7-email wpcf7-validates-as-required wpcf7-validates-as-email\" aria-required=\"true\" aria-invalid=\"false\" placeholder=\"Correo electr\u00f3nico\" \/><\/span><\/p>\n<p><label>\u00bfQu\u00e9 edad tienes?<br \/>\n<span class=\"wpcf7-form-control-wrap edat\"><select name=\"edat\" class=\"wpcf7-form-control wpcf7-select wpcf7-validates-as-required\" aria-required=\"true\" aria-invalid=\"false\"><option value=\"\">---<\/option><option value=\"&lt;16 a\u00f1os\">&lt;16 a\u00f1os<\/option><option value=\"16 -20\">16 -20<\/option><option value=\"21 - 25\">21 - 25<\/option><option value=\"26 - 29\">26 - 29<\/option><option value=\"30 - 35\">30 - 35<\/option><option value=\"&gt; 35\">&gt; 35<\/option><\/select><\/span><\/label><\/p>\n<p><span class=\"wpcf7-form-control-wrap Telfondecontacte\"><input type=\"tel\" name=\"Telfondecontacte\" value=\"\" size=\"40\" class=\"wpcf7-form-control wpcf7-text wpcf7-tel wpcf7-validates-as-required wpcf7-validates-as-tel\" aria-required=\"true\" aria-invalid=\"false\" placeholder=\"Tel\u00e9fono de contacto\" \/><\/span><\/p>\n<p><span class=\"wpcf7-form-control-wrap your-message\"><textarea name=\"your-message\" cols=\"40\" rows=\"10\" class=\"wpcf7-form-control wpcf7-textarea\" aria-invalid=\"false\" placeholder=\"\u00bfEn que podemos ayudarte?\"><\/textarea><\/span><\/p>\n<p><span class=\"wpcf7-form-control-wrap acceptance-989\"><span class=\"wpcf7-form-control wpcf7-acceptance\"><span class=\"wpcf7-list-item\"><label><input type=\"checkbox\" name=\"acceptance-989\" value=\"1\" aria-invalid=\"false\" \/><span class=\"wpcf7-list-item-label\">He le\u00eddo y acepto la <a href=\"http:\/\/oficinajove.elbaixllobregat.cat\/politica-de-privacitat\/\" target=\"_blank\">pol\u00edtica de privacidad<\/a><\/span><\/label><\/span><\/span><\/span><\/p>\n<p><input type=\"submit\" value=\"Enviar\" class=\"wpcf7-form-control has-spinner wpcf7-submit\" \/><\/p>\n<p class=\"capa-informativa\">\n<span>Protecci\u00f3n de datos.<\/span><br \/>\n<span>Responsable:<\/span> CONSELL COMARCAL DEL BAIX LLOBREGAT.<br \/>\n<span>Finalidad del tratamiento:<\/span> Cumplir con nuestra gesti\u00f3n administrativa en el ejercicio de nuestras funciones y competencias.<br \/>\n<span>Conservaci\u00f3n de los datos:<\/span> Sus datos se conservar\u00e1n de acuerdo con los t\u00e9rminos establecidos en el marco regulador de nuestros servicios y en la normativa de archivos aplicable. El Responsable, certifica haber implementado las medidas t\u00e9cnicas y organizativas recogidas en el Reglamento (UE) 2016\/679, para garantizar la seguridad e integridad de los datos de car\u00e1cter personal incluidos en los ficheros y evitar su alteraci\u00f3n, p\u00e9rdida y tratamiento o acceso no autorizado.<br \/>\n<span>Derechos:<\/span>En cualquier momento, usted puede ejercer los derechos de acceso, rectificaci\u00f3n, supresi\u00f3n, oposici\u00f3n, limitaci\u00f3n del tratamiento de sus datos, o ejercer el derecho a la portabilidad de \u00e9stos. Todo ello mediante escrito, acompa\u00f1ado de copia de documento oficial que le identifique, dirigido al responsable o al delegado de protecci\u00f3n de datos, al correo electr\u00f3nico lopd@microlabhard.es. En caso de disconformidad con el tratamiento, tambi\u00e9n tiene el derecho de presentar una reclamaci\u00f3n ante la autoridad catalana de protecci\u00f3n de datos.<br \/>\n<span>Destinatarios:<\/span> Entidades del \u00e1mbito p\u00fablico o privado en caso que resulte totalmente necesario para la correcta resoluci\u00f3n de su consulta. Siempre que exista obligaci\u00f3n legal.<\/p>\n<p style=\"display: none !important;\" class=\"akismet-fields-container\" data-prefix=\"_wpcf7_ak_\"><label>&#916;<textarea name=\"_wpcf7_ak_hp_textarea\" cols=\"45\" rows=\"8\" maxlength=\"100\"><\/textarea><\/label><input type=\"hidden\" id=\"ak_js_1\" name=\"_wpcf7_ak_js\" value=\"148\"\/><script>document.getElementById( \"ak_js_1\" ).setAttribute( \"value\", ( new Date() ).getTime() );<\/script><\/p><div class=\"wpcf7-response-output\" aria-hidden=\"true\"><\/div><\/form><\/div>[\/vc_column_inner][\/vc_row_inner][vc_empty_space height=\u00bb150px\u00bb][\/vc_column][\/vc_row]<\/p>\n","protected":false},"excerpt":{"rendered":"<p>[vc_row css=\u00bb.vc_custom_1543847010967{margin-top: -100px !important;}\u00bb][vc_column][vc_raw_html]JTNDaWZyYW1lJTIwc3JjJTNEJTIyaHR0cHMlM0ElMkYlMkZ3d3cuZ29vZ2xlLmNvbSUyRm1hcHMlMkZlbWJlZCUzRnBiJTNEJTIxMW0xNCUyMTFtOCUyMTFtMyUyMTFkMTE5NzUuMTQ3OTQ3NDkzMDYlMjEyZDIuMDU2MDA4OCUyMTNkNDEuMzc4NzEyNSUyMTNtMiUyMTFpMTAyNCUyMTJpNzY4JTIxNGYxMy4xJTIxM20zJTIxMW0yJTIxMXMweDAlMjUzQTB4YWNlNTgzMDAzYzhjM2MyNiUyMTJzUGFyYyUyQmRlJTJCVG9ycmVibGFuY2ElMjE1ZTAlMjEzbTIlMjExc2VzJTIxMnNlcyUyMTR2MTU0NDcxMjg4OTAxMSUyMiUyMHdpZHRoJTNEJTIyMTkyMCUyMiUyMGhlaWdodCUzRCUyMjQwMCUyMiUyMGZyYW1lYm9yZGVyJTNEJTIyMCUyMiUyMHN0eWxlJTNEJTIyYm9yZGVyJTNBMCUyMiUyMGFsbG93ZnVsbHNjcmVlbiUzRSUzQyUyRmlmcmFtZSUzRQ==[\/vc_raw_html][\/vc_column][\/vc_row][vc_row el_class=\u00bbseccion-contacto\u00bb][vc_column][vc_empty_space height=\u00bb150px\u00bb][vc_row_inner content_width=\u00bbgrid\u00bb][vc_column_inner width=\u00bb1\/3&#8243;][vc_single_image image=\u00bb6747&#8243; img_size=\u00bb200&#215;200&#8243;][vc_empty_space height=\u00bb20px\u00bb][vc_column_text]Vis\u00edtanos en la Oficina Jove del Baix Llobregat: &nbsp; Parc&#8230;<\/p>\n","protected":false},"author":1,"featured_media":0,"parent":0,"menu_order":0,"comment_status":"closed","ping_status":"closed","template":"full-width.php","meta":{"_exactmetrics_skip_tracking":false,"_exactmetrics_sitenote_active":false,"_exactmetrics_sitenote_note":"","_exactmetrics_sitenote_category":0},"aioseo_notices":[],"_links":{"self":[{"href":"https:\/\/oficinajove.elbaixllobregat.cat\/es\/wp-json\/wp\/v2\/pages\/7221"}],"collection":[{"href":"https:\/\/oficinajove.elbaixllobregat.cat\/es\/wp-json\/wp\/v2\/pages"}],"about":[{"href":"https:\/\/oficinajove.elbaixllobregat.cat\/es\/wp-json\/wp\/v2\/types\/page"}],"author":[{"embeddable":true,"href":"https:\/\/oficinajove.elbaixllobregat.cat\/es\/wp-json\/wp\/v2\/users\/1"}],"replies":[{"embeddable":true,"href":"https:\/\/oficinajove.elbaixllobregat.cat\/es\/wp-json\/wp\/v2\/comments?post=7221"}],"version-history":[{"count":7,"href":"https:\/\/oficinajove.elbaixllobregat.cat\/es\/wp-json\/wp\/v2\/pages\/7221\/revisions"}],"predecessor-version":[{"id":8883,"href":"https:\/\/oficinajove.elbaixllobregat.cat\/es\/wp-json\/wp\/v2\/pages\/7221\/revisions\/8883"}],"wp:attachment":[{"href":"https:\/\/oficinajove.elbaixllobregat.cat\/es\/wp-json\/wp\/v2\/media?parent=7221"}],"curies":[{"name":"wp","href":"https:\/\/api.w.org\/{rel}","templated":true}]}}