{"id":7166,"date":"2019-03-19T11:06:52","date_gmt":"2019-03-19T11:06:52","guid":{"rendered":"http:\/\/oficinajove.elbaixllobregat.cat\/?page_id=7166"},"modified":"2024-12-16T08:35:28","modified_gmt":"2024-12-16T08:35:28","slug":"cultura-y-participacion","status":"publish","type":"page","link":"https:\/\/oficinajove.elbaixllobregat.cat\/es\/servicios\/cultura-y-participacion\/","title":{"rendered":"Cultura y participaci\u00f3n"},"content":{"rendered":"<p>[vc_row content_aligment=\u00bbcenter\u00bb css=\u00bb.vc_custom_1544775129895{margin-top: -100px !important;background-color: #ffc627 !important;}\u00bb el_class=\u00bbmenu-secciones\u00bb][vc_column][vc_empty_space height=\u00bb100px\u00bb][vc_row_inner content_width=\u00bbgrid\u00bb content_aligment=\u00bbcenter\u00bb][vc_column_inner width=\u00bb1\/3&#8243;][vc_single_image image=\u00bb7181&#8243; img_size=\u00bbfull\u00bb alignment=\u00bbcenter\u00bb onclick=\u00bbcustom_link\u00bb link=\u00bb#cultura-01&#8243;][vc_empty_space height=\u00bb30px\u00bb][\/vc_column_inner][vc_column_inner width=\u00bb1\/3&#8243;][vc_single_image image=\u00bb7183&#8243; img_size=\u00bbfull\u00bb alignment=\u00bbcenter\u00bb onclick=\u00bbcustom_link\u00bb link=\u00bb#cultura-02&#8243;][vc_empty_space height=\u00bb30px\u00bb][\/vc_column_inner][vc_column_inner width=\u00bb1\/3&#8243;][vc_single_image image=\u00bb7185&#8243; img_size=\u00bbfull\u00bb alignment=\u00bbcenter\u00bb onclick=\u00bbcustom_link\u00bb link=\u00bb#cultura-03&#8243;][vc_empty_space height=\u00bb30px\u00bb][\/vc_column_inner][\/vc_row_inner][vc_empty_space height=\u00bb100px\u00bb][\/vc_column][\/vc_row][vc_row content_width=\u00bbgrid\u00bb][vc_column][vc_empty_space height=\u00bb100px\u00bb][\/vc_column][\/vc_row][vc_row content_width=\u00bbgrid\u00bb][vc_column width=\u00bb1\/2&#8243;][vc_single_image image=\u00bb6314&#8243; img_size=\u00bbfull\u00bb alignment=\u00bbcenter\u00bb][\/vc_column][vc_column width=\u00bb1\/2&#8243;][vc_empty_space height=\u00bb120px\u00bb][vc_column_text]<\/p>\n<h3>Seguro que durante la semana tienes momentos libres que dedicas a practicar tus aficiones. Si a\u00fan te queda alguna hora disponible o buscas nuevas formas de disfrutar de tu tiempo de ocio, \u00a1aqu\u00ed tienes algunas opciones!<\/h3>\n<p>[\/vc_column_text][vc_empty_space height=\u00bb20px\u00bb][\/vc_column][\/vc_row][vc_row content_width=\u00bbgrid\u00bb el_id=\u00bbcultura-01&#8243;][vc_column][vc_empty_space height=\u00bb200px\u00bb][vc_row_inner][vc_column_inner width=\u00bb1\/4&#8243;]    <span class=\"mkdf-icon-animation-holder\" style=\"transition-delay: 200ms;-webkit-transition-delay: 200ms;-moz-transition-delay: 200ms;-ms-transition-delay: 200ms\">\r\n\r\n    <span class=\"mkdf-icon-shortcode normal mkdf-icon-animation\" style=\"margin: -20px 0px 0px 150px \" data-animation-delay=\"200\" data-color=\"#ffc627\">\r\n        \r\n        <i class=\"mkdf-icon-font-awesome fa fa-arrow-right mkdf-icon-element\" style=\"color: #ffc627;font-size:100px\" ><\/i>\r\n            <\/span>\r\n\r\n    <\/span>\r\n[vc_empty_space height=\u00bb50px\u00bb][\/vc_column_inner][vc_column_inner width=\u00bb3\/4&#8243; css=\u00bb.vc_custom_1542298121571{padding-right: 20px !important;padding-left: 20px !important;}\u00bb][vc_column_text]<\/p>\n<h2>Participaci\u00f3n<\/h2>\n<p>[\/vc_column_text][vc_empty_space][vc_column_text]La participaci\u00f3n es una forma de relacionarse con el entorno que se basa en valores pro-sociales como la solidaridad, la cooperaci\u00f3n o el compromiso. A tu alrededor hay muchas personas j\u00f3venes con ganas de actuar por unos objetivos comunes. \u00bfHay alguna cuesti\u00f3n por la que creas que vale la pena tomar partido? Puedes localizar entidades juveniles del territorio con la ayuda de este <a target=\"_blank\" href=\"http:\/\/treballiaferssocials.gencat.cat\/ca\/ambits_tematics\/joventut\/associacionisme_i_participacio\/acces-al-cercador-dentitats-juvenils\/\">buscador<\/a>. \u00a1Impl\u00edcate![\/vc_column_text][\/vc_column_inner][\/vc_row_inner][vc_empty_space height=\u00bb100px\u00bb][\/vc_column][\/vc_row][vc_row content_width=\u00bbgrid\u00bb][vc_column][vc_empty_space height=\u00bb200px\u00bb][vc_row_inner][vc_column_inner width=\u00bb1\/4&#8243;]    <span class=\"mkdf-icon-animation-holder\" style=\"transition-delay: 200ms;-webkit-transition-delay: 200ms;-moz-transition-delay: 200ms;-ms-transition-delay: 200ms\">\r\n\r\n    <span class=\"mkdf-icon-shortcode normal mkdf-icon-animation\" style=\"margin: -20px 0px 0px 150px \" data-animation-delay=\"200\" data-color=\"#ffc627\">\r\n        \r\n        <i class=\"mkdf-icon-font-awesome fa fa-arrow-right mkdf-icon-element\" style=\"color: #ffc627;font-size:100px\" ><\/i>\r\n            <\/span>\r\n\r\n    <\/span>\r\n[vc_empty_space height=\u00bb50px\u00bb][\/vc_column_inner][vc_column_inner width=\u00bb3\/4&#8243; css=\u00bb.vc_custom_1542298121571{padding-right: 20px !important;padding-left: 20px !important;}\u00bb][vc_column_text]<\/p>\n<h2>Solidaridad y voluntariado<\/h2>\n<p>[\/vc_column_text][vc_empty_space][vc_column_text]Las f\u00f3rmulas de colaboraci\u00f3n tambi\u00e9n son m\u00faltiples: puedes vincularte a una entidad o proyecto de manera estable o, si lo prefieres, apoyar puntualmente campa\u00f1as tem\u00e1ticas y acciones solidarias concretas que te resulten interesantes. El <a target=\"_blank\" href=\"http:\/\/www.tercersector.cat\/mapa\">mapa interactivo elaborado por la Taula d\u2019Entitats del Tercer Sector Social<\/a> te permitir\u00e1 encontrar entidades con las que colaborar seg\u00fan tu \u00e1mbito de inter\u00e9s. \u00a1En el Baix Llobregat hay m\u00e1s de 250!<\/p>\n<p>&nbsp;<\/p>\n<p>Adem\u00e1s, las opciones de voluntariado no se limitan al territorio m\u00e1s cercano, \u00a1puedes emprender acciones solidarias en el extranjero! Si te interesa conocer qu\u00e9 oportunidades existen, consulta el apartado sobre \u201cMovilidad internacional\u201d que encontrar\u00e1s en esta web. Sea como sea\u2026 \u00a1Ponte en marcha![\/vc_column_text][\/vc_column_inner][\/vc_row_inner][vc_empty_space height=\u00bb100px\u00bb][\/vc_column][\/vc_row][vc_row content_width=\u00bbgrid\u00bb el_id=\u00bbcultura-02&#8243;][vc_column][vc_empty_space height=\u00bb200px\u00bb][vc_row_inner][vc_column_inner width=\u00bb1\/4&#8243;]    <span class=\"mkdf-icon-animation-holder\" style=\"transition-delay: 200ms;-webkit-transition-delay: 200ms;-moz-transition-delay: 200ms;-ms-transition-delay: 200ms\">\r\n\r\n    <span class=\"mkdf-icon-shortcode normal mkdf-icon-animation\" style=\"margin: -20px 0px 0px 150px \" data-animation-delay=\"200\" data-color=\"#ffc627\">\r\n        \r\n        <i class=\"mkdf-icon-font-awesome fa fa-arrow-right mkdf-icon-element\" style=\"color: #ffc627;font-size:100px\" ><\/i>\r\n            <\/span>\r\n\r\n    <\/span>\r\n[vc_empty_space height=\u00bb50px\u00bb][\/vc_column_inner][vc_column_inner width=\u00bb3\/4&#8243; css=\u00bb.vc_custom_1542298121571{padding-right: 20px !important;padding-left: 20px !important;}\u00bb][vc_column_text]<\/p>\n<h2>Toma la iniciativa y organ\u00edzate<\/h2>\n<p>[\/vc_column_text][vc_empty_space][vc_column_text]Aunque el tejido asociativo es extenso, puede que no encuentres la entidad o el proyecto que te motive realmente. En ese caso puedes unirte a otras personas en grupos no formales: colectivos de amigos\/as, vecinos\/as, estudiantes,&#8230; y participar conjuntamente en la vida social de vuestro barrio, ciudad,&#8230; sin convertiros formalmente en entidad.<\/p>\n<p>&nbsp;<\/p>\n<p>No obstante, si sois como m\u00ednimo 3 personas, \u00a1tambi\u00e9n pod\u00e9is plantearos formar una nueva asociaci\u00f3n juvenil y continuar enriqueciendo el movimiento asociativo! \u00a1No dudes en pedirnos m\u00e1s informaci\u00f3n si la necesitas![\/vc_column_text][\/vc_column_inner][\/vc_row_inner][vc_empty_space height=\u00bb100px\u00bb][\/vc_column][\/vc_row][vc_row content_width=\u00bbgrid\u00bb el_id=\u00bbcultura-03&#8243;][vc_column][vc_empty_space height=\u00bb200px\u00bb][vc_row_inner][vc_column_inner width=\u00bb1\/4&#8243;]    <span class=\"mkdf-icon-animation-holder\" style=\"transition-delay: 200ms;-webkit-transition-delay: 200ms;-moz-transition-delay: 200ms;-ms-transition-delay: 200ms\">\r\n\r\n    <span class=\"mkdf-icon-shortcode normal mkdf-icon-animation\" style=\"margin: -20px 0px 0px 150px \" data-animation-delay=\"200\" data-color=\"#ffc627\">\r\n        \r\n        <i class=\"mkdf-icon-font-awesome fa fa-arrow-right mkdf-icon-element\" style=\"color: #ffc627;font-size:100px\" ><\/i>\r\n            <\/span>\r\n\r\n    <\/span>\r\n[vc_empty_space height=\u00bb50px\u00bb][\/vc_column_inner][vc_column_inner width=\u00bb3\/4&#8243; css=\u00bb.vc_custom_1542298121571{padding-right: 20px !important;padding-left: 20px !important;}\u00bb][vc_column_text]<\/p>\n<h2>Disfruta del Baix<\/h2>\n<p>[\/vc_column_text][vc_empty_space][vc_column_text]\u00bfConoces el patrimonio natural y cultural del Baix Llobregat? Es una comarca viva y din\u00e1mica con una oferta de ocio amplia, para todos los gustos. En la p\u00e1gina web del Consorci de Turisme del Baix Llobregat encontrar\u00e1s descuentos y toda la informaci\u00f3n que necesitas para disfrutar de actividades y visitas por todo el territorio.<\/p>\n<p>&nbsp;<\/p>\n<p>\u00a1No te quedes en casa y descubre qu\u00e9 <a target=\"_blank\" href=\"http:\/\/turisme.elbaixllobregat.cat\/\">te ofrece tu comarca<\/a>![\/vc_column_text][\/vc_column_inner][\/vc_row_inner][vc_empty_space height=\u00bb100px\u00bb][\/vc_column][\/vc_row][vc_row content_width=\u00bbgrid\u00bb][vc_column][vc_empty_space height=\u00bb200px\u00bb][vc_row_inner][vc_column_inner width=\u00bb1\/4&#8243;]    <span class=\"mkdf-icon-animation-holder\" style=\"transition-delay: 200ms;-webkit-transition-delay: 200ms;-moz-transition-delay: 200ms;-ms-transition-delay: 200ms\">\r\n\r\n    <span class=\"mkdf-icon-shortcode normal mkdf-icon-animation\" style=\"margin: -20px 0px 0px 150px \" data-animation-delay=\"200\" data-color=\"#ffc627\">\r\n        \r\n        <i class=\"mkdf-icon-font-awesome fa fa-arrow-right mkdf-icon-element\" style=\"color: #ffc627;font-size:100px\" ><\/i>\r\n            <\/span>\r\n\r\n    <\/span>\r\n[vc_empty_space height=\u00bb50px\u00bb][\/vc_column_inner][vc_column_inner width=\u00bb3\/4&#8243; css=\u00bb.vc_custom_1542298121571{padding-right: 20px !important;padding-left: 20px !important;}\u00bb][vc_column_text]<\/p>\n<h2>Instalaciones juveniles<\/h2>\n<p>[\/vc_column_text][vc_empty_space][vc_column_text]El Baix Llobregat dispone de 10 alojamientos juveniles: 5 albergues, 4 casas de colonias y una aula de naturaleza.<\/p>\n<p>La p\u00e1gina web del Consell Comarcal permite consultar cu\u00e1les son estos <a target=\"_blank\" href=\"http:\/\/www.elbaixllobregat.cat\/scj\/instal\u00b7lacions-juvenils\">equipamientos<\/a> y sus caracter\u00edsticas y, de este modo, conocer m\u00e1s detalles acerca de ellos y valorar si se ajustan a las necesidades de la\/s persona\/s interesada\/as.[\/vc_column_text][\/vc_column_inner][\/vc_row_inner][vc_empty_space height=\u00bb100px\u00bb][\/vc_column][\/vc_row][vc_row][vc_column][vc_empty_space height=\u00bb150px\u00bb][\/vc_column][\/vc_row][vc_row el_class=\u00bbseccion-contacto\u00bb][vc_column][vc_single_image image=\u00bb6751&#8243; img_size=\u00bbfull\u00bb][vc_empty_space height=\u00bb150px\u00bb][vc_row_inner content_width=\u00bbgrid\u00bb][vc_column_inner width=\u00bb1\/3&#8243;][vc_single_image image=\u00bb6747&#8243; img_size=\u00bb200&#215;200&#8243;][vc_empty_space height=\u00bb20px\u00bb][vc_column_text]<strong>Vis\u00edtanos en la Oficina Jove del Baix Llobregat<\/strong>:<\/p>\n<p>&nbsp;<\/p>\n<div class=\"contacte-conjunt\">\n<p class=\"direccio-contacte\">Parc torreblanca CL 340, en la planta baja del Consell Comarcal.<\/p>\n<p class=\"correu-contacte\"><a target=\"_blank\" href=\"mailto:elbaixllobregat@oficinajove.cat\">elbaixllobregat@oficinajove.cat<\/a><\/p>\n<p class=\"whatsapp-contacte\">650931906<\/p>\n<p class=\"fixe-contacte\">93 685 24 00 ext. 650<\/p>\n<p class=\"horari-contacte\"><strong>Lunes a viernes:<\/strong> de 9h a 14h<\/p>\n<p><strong>Lunes y mi\u00e9rcoles:<\/strong> de 16h a 18h<\/p>\n<p><strong>IMPORTANTE! Es necesario pedir cita previa<\/strong> llamando al 650 93 19 06, escribiendo un Whatsapp o a trav\u00e9s de la web del Consell Comarcal: <a target=\"_blank\" href=\"https:\/\/www.elbaixllobregat.cat\/cita-previa\">https:\/\/www.elbaixllobregat.cat\/cita-previa<\/a><\/p>\n<\/div>\n<p>[\/vc_column_text][vc_empty_space height=\u00bb50px\u00bb][\/vc_column_inner][vc_column_inner width=\u00bb2\/3&#8243;][vc_column_text el_class=\u00bbh2-inicio\u00bb]<\/p>\n<h2>\u00a1Contacta!<\/h2>\n<p>[\/vc_column_text][vc_empty_space height=\u00bb50px\u00bb]<div role=\"form\" class=\"wpcf7\" id=\"wpcf7-f7179-o1\" lang=\"es-ES\" dir=\"ltr\">\n<div class=\"screen-reader-response\"><p role=\"status\" aria-live=\"polite\" aria-atomic=\"true\"><\/p> <ul><\/ul><\/div>\n<form action=\"\/es\/wp-json\/wp\/v2\/pages\/7166#wpcf7-f7179-o1\" method=\"post\" class=\"wpcf7-form init\" novalidate=\"novalidate\" data-status=\"init\">\n<div style=\"display: none;\">\n<input type=\"hidden\" name=\"_wpcf7\" value=\"7179\" \/>\n<input type=\"hidden\" name=\"_wpcf7_version\" value=\"5.5.6.1\" \/>\n<input type=\"hidden\" name=\"_wpcf7_locale\" value=\"es_ES\" \/>\n<input type=\"hidden\" name=\"_wpcf7_unit_tag\" value=\"wpcf7-f7179-o1\" \/>\n<input type=\"hidden\" name=\"_wpcf7_container_post\" value=\"0\" \/>\n<input type=\"hidden\" name=\"_wpcf7_posted_data_hash\" value=\"\" \/>\n<input type=\"hidden\" name=\"_wpcf7_recaptcha_response\" value=\"\" \/>\n<\/div>\n<p><span class=\"wpcf7-form-control-wrap your-name\"><input type=\"text\" name=\"your-name\" value=\"\" size=\"40\" class=\"wpcf7-form-control wpcf7-text wpcf7-validates-as-required\" aria-required=\"true\" aria-invalid=\"false\" placeholder=\"Tu nombre\" \/><\/span><\/p>\n<p><span class=\"wpcf7-form-control-wrap menu-868\"><select name=\"menu-868\" class=\"wpcf7-form-control wpcf7-select wpcf7-validates-as-required\" aria-required=\"true\" aria-invalid=\"false\"><option value=\"Selecciona tu municipio\">Selecciona tu municipio<\/option><option value=\"Abrera\">Abrera<\/option><option value=\"Begues\">Begues<\/option><option value=\"Castelldefels\">Castelldefels<\/option><option value=\"Castellv\u00ed de Rosanes\">Castellv\u00ed de Rosanes<\/option><option value=\"Cervell\u00f3\">Cervell\u00f3<\/option><option value=\"Collbat\u00f3\">Collbat\u00f3<\/option><option value=\"Corbera de Llobregat\">Corbera de Llobregat<\/option><option value=\"Cornell\u00e0 de Llobregat\">Cornell\u00e0 de Llobregat<\/option><option value=\"Esparreguera\">Esparreguera<\/option><option value=\"Esplugues de Llobregat\">Esplugues de Llobregat<\/option><option value=\"Gav\u00e0\">Gav\u00e0<\/option><option value=\"Martorell\">Martorell<\/option><option value=\"Molins de Rei\">Molins de Rei<\/option><option value=\"Olesa de Montserrat\">Olesa de Montserrat<\/option><option value=\"La Palma de Cervell\u00f3\">La Palma de Cervell\u00f3<\/option><option value=\"Pallej\u00e0\">Pallej\u00e0<\/option><option value=\"El Papiol\">El Papiol<\/option><option value=\"El Prat de Llobregat\">El Prat de Llobregat<\/option><option value=\"Sant Andreu de la Barca\">Sant Andreu de la Barca<\/option><option value=\"Sant Boi de Llobregat\">Sant Boi de Llobregat<\/option><option value=\"Sant Climent de Llobregat\">Sant Climent de Llobregat<\/option><option value=\"Sant Esteve Sesrovires\">Sant Esteve Sesrovires<\/option><option value=\"Sant Feliu de Llobregat\">Sant Feliu de Llobregat<\/option><option value=\"Sant Joan Desp\u00ed\">Sant Joan Desp\u00ed<\/option><option value=\"Sant Just Desvern\">Sant Just Desvern<\/option><option value=\"Sant Vicen\u00e7 dels Horts\">Sant Vicen\u00e7 dels Horts<\/option><option value=\"Santa Coloma de Cervell\u00f3\">Santa Coloma de Cervell\u00f3<\/option><option value=\"Torrelles de Llobregat\">Torrelles de Llobregat<\/option><option value=\"Vallirana\">Vallirana<\/option><option value=\"Viladecans\">Viladecans<\/option><\/select><\/span><\/p>\n<p><span class=\"wpcf7-form-control-wrap your-email\"><input type=\"email\" name=\"your-email\" value=\"\" size=\"40\" class=\"wpcf7-form-control wpcf7-text wpcf7-email wpcf7-validates-as-required wpcf7-validates-as-email\" aria-required=\"true\" aria-invalid=\"false\" placeholder=\"Correo electr\u00f3nico\" \/><\/span><\/p>\n<p><label>\u00bfQu\u00e9 edad tienes?<br \/>\n<span class=\"wpcf7-form-control-wrap edat\"><select name=\"edat\" class=\"wpcf7-form-control wpcf7-select wpcf7-validates-as-required\" aria-required=\"true\" aria-invalid=\"false\"><option value=\"\">---<\/option><option value=\"&lt;16 a\u00f1os\">&lt;16 a\u00f1os<\/option><option value=\"16 -20\">16 -20<\/option><option value=\"21 - 25\">21 - 25<\/option><option value=\"26 - 29\">26 - 29<\/option><option value=\"30 - 35\">30 - 35<\/option><option value=\"&gt; 35\">&gt; 35<\/option><\/select><\/span><\/label><\/p>\n<p><span class=\"wpcf7-form-control-wrap Telfondecontacte\"><input type=\"tel\" name=\"Telfondecontacte\" value=\"\" size=\"40\" class=\"wpcf7-form-control wpcf7-text wpcf7-tel wpcf7-validates-as-required wpcf7-validates-as-tel\" aria-required=\"true\" aria-invalid=\"false\" placeholder=\"Tel\u00e9fono de contacto\" \/><\/span><\/p>\n<p><span class=\"wpcf7-form-control-wrap your-message\"><textarea name=\"your-message\" cols=\"40\" rows=\"10\" class=\"wpcf7-form-control wpcf7-textarea\" aria-invalid=\"false\" placeholder=\"\u00bfEn que podemos ayudarte?\"><\/textarea><\/span><\/p>\n<p><span class=\"wpcf7-form-control-wrap acceptance-989\"><span class=\"wpcf7-form-control wpcf7-acceptance\"><span class=\"wpcf7-list-item\"><label><input type=\"checkbox\" name=\"acceptance-989\" value=\"1\" aria-invalid=\"false\" \/><span class=\"wpcf7-list-item-label\">He le\u00eddo y acepto la <a href=\"http:\/\/oficinajove.elbaixllobregat.cat\/politica-de-privacitat\/\" target=\"_blank\">pol\u00edtica de privacidad<\/a><\/span><\/label><\/span><\/span><\/span><\/p>\n<p><input type=\"submit\" value=\"Enviar\" class=\"wpcf7-form-control has-spinner wpcf7-submit\" \/><\/p>\n<p class=\"capa-informativa\">\n<span>Protecci\u00f3n de datos.<\/span><br \/>\n<span>Responsable:<\/span> CONSELL COMARCAL DEL BAIX LLOBREGAT.<br \/>\n<span>Finalidad del tratamiento:<\/span> Cumplir con nuestra gesti\u00f3n administrativa en el ejercicio de nuestras funciones y competencias.<br \/>\n<span>Conservaci\u00f3n de los datos:<\/span> Sus datos se conservar\u00e1n de acuerdo con los t\u00e9rminos establecidos en el marco regulador de nuestros servicios y en la normativa de archivos aplicable. El Responsable, certifica haber implementado las medidas t\u00e9cnicas y organizativas recogidas en el Reglamento (UE) 2016\/679, para garantizar la seguridad e integridad de los datos de car\u00e1cter personal incluidos en los ficheros y evitar su alteraci\u00f3n, p\u00e9rdida y tratamiento o acceso no autorizado.<br \/>\n<span>Derechos:<\/span>En cualquier momento, usted puede ejercer los derechos de acceso, rectificaci\u00f3n, supresi\u00f3n, oposici\u00f3n, limitaci\u00f3n del tratamiento de sus datos, o ejercer el derecho a la portabilidad de \u00e9stos. Todo ello mediante escrito, acompa\u00f1ado de copia de documento oficial que le identifique, dirigido al responsable o al delegado de protecci\u00f3n de datos, al correo electr\u00f3nico lopd@microlabhard.es. En caso de disconformidad con el tratamiento, tambi\u00e9n tiene el derecho de presentar una reclamaci\u00f3n ante la autoridad catalana de protecci\u00f3n de datos.<br \/>\n<span>Destinatarios:<\/span> Entidades del \u00e1mbito p\u00fablico o privado en caso que resulte totalmente necesario para la correcta resoluci\u00f3n de su consulta. Siempre que exista obligaci\u00f3n legal.<\/p>\n<p style=\"display: none !important;\" class=\"akismet-fields-container\" data-prefix=\"_wpcf7_ak_\"><label>&#916;<textarea name=\"_wpcf7_ak_hp_textarea\" cols=\"45\" rows=\"8\" maxlength=\"100\"><\/textarea><\/label><input type=\"hidden\" id=\"ak_js_1\" name=\"_wpcf7_ak_js\" value=\"215\"\/><script>document.getElementById( \"ak_js_1\" ).setAttribute( \"value\", ( new Date() ).getTime() );<\/script><\/p><div class=\"wpcf7-response-output\" aria-hidden=\"true\"><\/div><\/form><\/div>[\/vc_column_inner][\/vc_row_inner][vc_empty_space height=\u00bb150px\u00bb][\/vc_column][\/vc_row]<\/p>\n","protected":false},"excerpt":{"rendered":"<p>[vc_row content_aligment=\u00bbcenter\u00bb css=\u00bb.vc_custom_1544775129895{margin-top: -100px !important;background-color: #ffc627 !important;}\u00bb el_class=\u00bbmenu-secciones\u00bb][vc_column][vc_empty_space height=\u00bb100px\u00bb][vc_row_inner content_width=\u00bbgrid\u00bb content_aligment=\u00bbcenter\u00bb][vc_column_inner width=\u00bb1\/3&#8243;][vc_single_image image=\u00bb7181&#8243; img_size=\u00bbfull\u00bb alignment=\u00bbcenter\u00bb onclick=\u00bbcustom_link\u00bb link=\u00bb#cultura-01&#8243;][vc_empty_space height=\u00bb30px\u00bb][\/vc_column_inner][vc_column_inner width=\u00bb1\/3&#8243;][vc_single_image image=\u00bb7183&#8243;&#8230;<\/p>\n","protected":false},"author":1,"featured_media":0,"parent":7232,"menu_order":0,"comment_status":"closed","ping_status":"closed","template":"full-width.php","meta":{"_exactmetrics_skip_tracking":false,"_exactmetrics_sitenote_active":false,"_exactmetrics_sitenote_note":"","_exactmetrics_sitenote_category":0},"aioseo_notices":[],"_links":{"self":[{"href":"https:\/\/oficinajove.elbaixllobregat.cat\/es\/wp-json\/wp\/v2\/pages\/7166"}],"collection":[{"href":"https:\/\/oficinajove.elbaixllobregat.cat\/es\/wp-json\/wp\/v2\/pages"}],"about":[{"href":"https:\/\/oficinajove.elbaixllobregat.cat\/es\/wp-json\/wp\/v2\/types\/page"}],"author":[{"embeddable":true,"href":"https:\/\/oficinajove.elbaixllobregat.cat\/es\/wp-json\/wp\/v2\/users\/1"}],"replies":[{"embeddable":true,"href":"https:\/\/oficinajove.elbaixllobregat.cat\/es\/wp-json\/wp\/v2\/comments?post=7166"}],"version-history":[{"count":9,"href":"https:\/\/oficinajove.elbaixllobregat.cat\/es\/wp-json\/wp\/v2\/pages\/7166\/revisions"}],"predecessor-version":[{"id":8885,"href":"https:\/\/oficinajove.elbaixllobregat.cat\/es\/wp-json\/wp\/v2\/pages\/7166\/revisions\/8885"}],"up":[{"embeddable":true,"href":"https:\/\/oficinajove.elbaixllobregat.cat\/es\/wp-json\/wp\/v2\/pages\/7232"}],"wp:attachment":[{"href":"https:\/\/oficinajove.elbaixllobregat.cat\/es\/wp-json\/wp\/v2\/media?parent=7166"}],"curies":[{"name":"wp","href":"https:\/\/api.w.org\/{rel}","templated":true}]}}